{"id":146,"date":"2021-08-31T20:00:50","date_gmt":"2021-08-31T20:00:50","guid":{"rendered":"https:\/\/emsa.webefy.fr\/?page_id=146"},"modified":"2024-03-13T23:54:41","modified_gmt":"2024-03-13T22:54:41","slug":"accueil","status":"publish","type":"page","link":"https:\/\/www.musique-saint-ay.fr\/","title":{"rendered":"Accueil"},"content":{"rendered":"\n<div class=\"wp-block-columns is-layout-flex wp-container-core-columns-is-layout-9d6595d7 wp-block-columns-is-layout-flex\">\n<div class=\"wp-block-column is-layout-flow wp-block-column-is-layout-flow\" style=\"flex-basis:40%\">\n<figure class=\"wp-block-image size-large is-resized\"><img loading=\"lazy\" decoding=\"async\" src=\"https:\/\/www.musique-saint-ay.fr\/wp-content\/uploads\/2021\/10\/Bienvenue-site-2-1024x588.png\" alt=\"\" class=\"wp-image-370\" width=\"440\" height=\"293\"\/><\/figure>\n<\/div>\n\n\n\n<div class=\"wp-block-column is-layout-flow wp-block-column-is-layout-flow\" style=\"flex-basis:65%\">\n<div class=\"alignnormal\"><div id=\"metaslider-id-169\" style=\"max-width: 1200px;\" class=\"ml-slider-3-104-0 metaslider metaslider-coin metaslider-169 ml-slider ms-theme-default\" role=\"region\" aria-label=\"Accueil\" data-height=\"250\" data-width=\"1200\">\n    <div id=\"metaslider_container_169\">\n        <div id='metaslider_169' class='coin-slider'>\n<a href=\"javascript:void(0)\" target=\"_self\"><img loading=\"lazy\" decoding=\"async\" src=\"https:\/\/www.musique-saint-ay.fr\/wp-content\/uploads\/2021\/11\/la-rep-3-1-scaled-1200x250.jpg\" height=\"250\" width=\"1200\" alt=\"\" class=\"slider-169 slide-543 msDefaultImage\" title=\"la-rep-3-1\" style=\"display: none;\" \/><\/a>\n<a href=\"javascript:void(0)\" target=\"_self\"><img loading=\"lazy\" decoding=\"async\" src=\"https:\/\/www.musique-saint-ay.fr\/wp-content\/uploads\/2021\/11\/IMG_4295-1-scaled-e1638303025992-1200x250.jpg\" height=\"250\" width=\"1200\" alt=\"\" class=\"slider-169 slide-568 msDefaultImage\" title=\"IMG_4295\" style=\"display: none;\" \/><\/a>\n<a href=\"javascript:void(0)\" target=\"_self\"><img loading=\"lazy\" decoding=\"async\" src=\"https:\/\/www.musique-saint-ay.fr\/wp-content\/uploads\/2021\/07\/cropped-09-1200x250.jpg\" height=\"250\" width=\"1200\" alt=\"\" class=\"slider-169 slide-174 msDefaultImage\" title=\"cropped-09.jpg\" style=\"display: none;\" \/><\/a>\n<a href=\"javascript:void(0)\" target=\"_self\"><img loading=\"lazy\" decoding=\"async\" src=\"https:\/\/www.musique-saint-ay.fr\/wp-content\/uploads\/2021\/07\/05-1200x250.jpg\" height=\"250\" width=\"1200\" alt=\"\" class=\"slider-169 slide-175 msDefaultImage\" title=\"OLYMPUS DIGITAL CAMERA\" style=\"display: none;\" \/><\/a>\n<a href=\"javascript:void(0)\" target=\"_self\"><img loading=\"lazy\" decoding=\"async\" src=\"https:\/\/www.musique-saint-ay.fr\/wp-content\/uploads\/2021\/11\/IMG_4308-1-scaled-1200x250.jpg\" height=\"250\" width=\"1200\" alt=\"\" class=\"slider-169 slide-562 msDefaultImage\" title=\"IMG_4308\" style=\"display: none;\" \/><\/a>\n<a href=\"javascript:void(0)\" target=\"_self\"><img loading=\"lazy\" decoding=\"async\" src=\"https:\/\/www.musique-saint-ay.fr\/wp-content\/uploads\/2021\/11\/IMG_4303-1-scaled-e1638302797895-1200x250.jpg\" height=\"250\" width=\"1200\" alt=\"\" class=\"slider-169 slide-566 msDefaultImage\" title=\"IMG_4303\" style=\"display: none;\" \/><\/a>\n<a href=\"javascript:void(0)\" target=\"_self\"><img loading=\"lazy\" decoding=\"async\" src=\"https:\/\/www.musique-saint-ay.fr\/wp-content\/uploads\/2021\/11\/la-rep-7-2-scaled-e1638126306620-1200x250.jpg\" height=\"250\" width=\"1200\" alt=\"\" class=\"slider-169 slide-546 msDefaultImage\" title=\"la rep 7\" style=\"display: none;\" \/><\/a>\n<a href=\"javascript:void(0)\" target=\"_self\"><img loading=\"lazy\" decoding=\"async\" src=\"https:\/\/www.musique-saint-ay.fr\/wp-content\/uploads\/2021\/11\/La-rep-1-2-scaled-e1638300182609-1200x250.jpg\" height=\"250\" width=\"1200\" alt=\"\" class=\"slider-169 slide-549 msDefaultImage\" title=\"La rep 1\" style=\"display: none;\" \/><\/a>\n<a href=\"javascript:void(0)\" target=\"_self\"><img loading=\"lazy\" decoding=\"async\" src=\"https:\/\/www.musique-saint-ay.fr\/wp-content\/uploads\/2021\/08\/4-1200x250.jpg\" height=\"250\" width=\"1200\" alt=\"\" class=\"slider-169 slide-171 msDefaultImage\" title=\"4\" style=\"display: none;\" \/><\/a>\n<a href=\"javascript:void(0)\" target=\"_self\"><img loading=\"lazy\" decoding=\"async\" src=\"https:\/\/www.musique-saint-ay.fr\/wp-content\/uploads\/2021\/11\/IMG_4313-1-scaled-e1638302219140-1200x250.jpg\" height=\"250\" width=\"1200\" alt=\"\" class=\"slider-169 slide-560 msDefaultImage\" title=\"IMG_4313\" style=\"display: none;\" \/><\/a>\n<a href=\"javascript:void(0)\" target=\"_self\"><img loading=\"lazy\" decoding=\"async\" src=\"https:\/\/www.musique-saint-ay.fr\/wp-content\/uploads\/2021\/11\/IMG_4290-1-scaled-1200x250.jpg\" height=\"250\" width=\"1200\" alt=\"\" class=\"slider-169 slide-558 msDefaultImage\" title=\"IMG_4290\" style=\"display: none;\" \/><\/a>\n<a href=\"javascript:void(0)\" target=\"_self\"><img loading=\"lazy\" decoding=\"async\" src=\"https:\/\/www.musique-saint-ay.fr\/wp-content\/uploads\/2021\/11\/la-rep-4-1-scaled-e1638300474623-1200x250.jpg\" height=\"250\" width=\"1200\" alt=\"\" class=\"slider-169 slide-550 msDefaultImage\" title=\"la-rep-4-1\" style=\"display: none;\" \/><\/a>\n<a href=\"javascript:void(0)\" target=\"_self\"><img loading=\"lazy\" decoding=\"async\" src=\"https:\/\/www.musique-saint-ay.fr\/wp-content\/uploads\/2021\/11\/IMG_4305-1-scaled-e1638821502353-1200x250.jpg\" height=\"250\" width=\"1200\" alt=\"\" class=\"slider-169 slide-608 msDefaultImage\" title=\"IMG_4305\" style=\"display: none;\" \/><\/a>\n        <\/div>\n        \n    <\/div>\n<\/div><\/div>\n<\/div>\n<\/div>\n\n\n<ul class=\"wp-block-latest-posts__list has-dates wp-block-latest-posts\"><li><div class=\"wp-block-latest-posts__featured-image alignleft\"><img loading=\"lazy\" decoding=\"async\" width=\"150\" height=\"150\" src=\"https:\/\/www.musique-saint-ay.fr\/wp-content\/uploads\/2026\/02\/PHOTO-2026-01-04-19-58-57-150x150.jpg\" class=\"attachment-thumbnail size-thumbnail wp-post-image\" alt=\"\" style=\"\" srcset=\"https:\/\/www.musique-saint-ay.fr\/wp-content\/uploads\/2026\/02\/PHOTO-2026-01-04-19-58-57-150x150.jpg 150w, https:\/\/www.musique-saint-ay.fr\/wp-content\/uploads\/2026\/02\/PHOTO-2026-01-04-19-58-57-275x275.jpg 275w, https:\/\/www.musique-saint-ay.fr\/wp-content\/uploads\/2026\/02\/PHOTO-2026-01-04-19-58-57-66x66.jpg 66w\" sizes=\"auto, (max-width: 150px) 100vw, 150px\" \/><\/div><a class=\"wp-block-latest-posts__post-title\" href=\"https:\/\/www.musique-saint-ay.fr\/?p=1858\">L&rsquo;Harmonie pr\u00e9pare son concert de la Saint Patrick qui aura lieu samedi 7 mars 2026 \u00e0 17h salle F. Villon<\/a><time datetime=\"2026-02-19T22:09:08+01:00\" class=\"wp-block-latest-posts__post-date\">19 f\u00e9vrier 2026<\/time><div class=\"wp-block-latest-posts__post-excerpt\">Cliquer sur l&rsquo;article pour voir un extrait vid\u00e9o de Sir Patrick qui sera jou\u00e9 au concert<\/div><\/li>\n<li><div class=\"wp-block-latest-posts__featured-image alignleft\"><img loading=\"lazy\" decoding=\"async\" width=\"150\" height=\"150\" src=\"https:\/\/www.musique-saint-ay.fr\/wp-content\/uploads\/2026\/02\/PHOTO-2026-01-04-19-58-57-150x150.jpg\" class=\"attachment-thumbnail size-thumbnail wp-post-image\" alt=\"\" style=\"\" srcset=\"https:\/\/www.musique-saint-ay.fr\/wp-content\/uploads\/2026\/02\/PHOTO-2026-01-04-19-58-57-150x150.jpg 150w, https:\/\/www.musique-saint-ay.fr\/wp-content\/uploads\/2026\/02\/PHOTO-2026-01-04-19-58-57-275x275.jpg 275w, https:\/\/www.musique-saint-ay.fr\/wp-content\/uploads\/2026\/02\/PHOTO-2026-01-04-19-58-57-66x66.jpg 66w\" sizes=\"auto, (max-width: 150px) 100vw, 150px\" \/><\/div><a class=\"wp-block-latest-posts__post-title\" href=\"https:\/\/www.musique-saint-ay.fr\/?p=1854\">Concert pour La Saint Patrick Samedi 7 mars 17h salle F. Villon<\/a><time datetime=\"2026-02-19T22:05:37+01:00\" class=\"wp-block-latest-posts__post-date\">19 f\u00e9vrier 2026<\/time><div class=\"wp-block-latest-posts__post-excerpt\">L&rsquo;harmonie donnera un concert salle F. Villon samedi 7 mars \u00e0 17h dans le cadre de la soir\u00e9e de la Saint Patrick. Programme Danses Irlandaises et cornemuses. Un morceau s&rsquo;intitulant Sir Patrick avec 4 solistes professionnels invit\u00e9s saxophonistes. Un beau programme \u00e0 ne pas manquer.<\/div><\/li>\n<li><div class=\"wp-block-latest-posts__featured-image alignleft\"><img loading=\"lazy\" decoding=\"async\" width=\"150\" height=\"150\" src=\"https:\/\/www.musique-saint-ay.fr\/wp-content\/uploads\/2025\/12\/GRAND-QUIZ-MISICAL-150x150.jpeg\" class=\"attachment-thumbnail size-thumbnail wp-post-image\" alt=\"\" style=\"\" srcset=\"https:\/\/www.musique-saint-ay.fr\/wp-content\/uploads\/2025\/12\/GRAND-QUIZ-MISICAL-150x150.jpeg 150w, https:\/\/www.musique-saint-ay.fr\/wp-content\/uploads\/2025\/12\/GRAND-QUIZ-MISICAL-275x275.jpeg 275w, https:\/\/www.musique-saint-ay.fr\/wp-content\/uploads\/2025\/12\/GRAND-QUIZ-MISICAL-66x66.jpeg 66w\" sizes=\"auto, (max-width: 150px) 100vw, 150px\" \/><\/div><a class=\"wp-block-latest-posts__post-title\" href=\"https:\/\/www.musique-saint-ay.fr\/?p=1847\">Grand Quizz Musical \u00e0 l&rsquo;Astrolabe samedi 10 janvier \u00e0 20h30<\/a><time datetime=\"2025-12-27T17:38:14+01:00\" class=\"wp-block-latest-posts__post-date\">27 d\u00e9cembre 2025<\/time><div class=\"wp-block-latest-posts__post-excerpt\">Vous aimez les musiques de films, les com\u00e9dies musicales, la publicit\u00e9, les jeux vid\u00e9os&#8230;. Venez vous divertir \u00e0 la salle de l&rsquo;Astrolabe \u00e0 Orl\u00e9ans \u00e0 la patinoire samedi 10 janvier 2026 \u00e0 20h30 avec un grand quizz musical avec l&rsquo;Harmonie de Saint-Ay. Tout le monde pourra jouer et r\u00e9pondre aux questions pos\u00e9es avec son t\u00e9l\u00e9phone portable&#8230; Un bon moment pour &hellip; <\/div><\/li>\n<li><div class=\"wp-block-latest-posts__featured-image alignleft\"><img loading=\"lazy\" decoding=\"async\" width=\"150\" height=\"150\" src=\"https:\/\/www.musique-saint-ay.fr\/wp-content\/uploads\/2025\/12\/Audition-Noel-2025-150x150.jpg\" class=\"attachment-thumbnail size-thumbnail wp-post-image\" alt=\"\" style=\"\" srcset=\"https:\/\/www.musique-saint-ay.fr\/wp-content\/uploads\/2025\/12\/Audition-Noel-2025-150x150.jpg 150w, https:\/\/www.musique-saint-ay.fr\/wp-content\/uploads\/2025\/12\/Audition-Noel-2025-275x275.jpg 275w, https:\/\/www.musique-saint-ay.fr\/wp-content\/uploads\/2025\/12\/Audition-Noel-2025-66x66.jpg 66w\" sizes=\"auto, (max-width: 150px) 100vw, 150px\" \/><\/div><a class=\"wp-block-latest-posts__post-title\" href=\"https:\/\/www.musique-saint-ay.fr\/?p=1837\">Audition de No\u00ebl de l&rsquo;\u00e9cole de musique mardi 16 d\u00e9cembre 18h30 salle F.Villon<\/a><time datetime=\"2025-12-07T12:38:21+01:00\" class=\"wp-block-latest-posts__post-date\">7 d\u00e9cembre 2025<\/time><div class=\"wp-block-latest-posts__post-excerpt\">Les \u00e9l\u00e8ves de l&rsquo;\u00e9cole de musique joueront pour leur 1er concert de cette nouvelle ann\u00e9e scolaire mardi 16 d\u00e9cembre \u00e0 18h30 salle F.Villon. Cette audition sera donn\u00e9e dans le cadre des festivit\u00e9s de No\u00ebl et l&rsquo;entr\u00e9e sera gratuite. Les diff\u00e9rentes classes instrumentales et de formation musicale se produiront en ensemble. L&rsquo;ensemble de guitares Saint-Ay Changy interpr\u00e9tera \u00e9galement quelques morceaux et &hellip; <\/div><\/li>\n<li><div class=\"wp-block-latest-posts__featured-image alignleft\"><img loading=\"lazy\" decoding=\"async\" width=\"150\" height=\"150\" src=\"https:\/\/www.musique-saint-ay.fr\/wp-content\/uploads\/2025\/11\/Affiche-22-NOV-2025-150x150.jpg\" class=\"attachment-thumbnail size-thumbnail wp-post-image\" alt=\"\" style=\"\" srcset=\"https:\/\/www.musique-saint-ay.fr\/wp-content\/uploads\/2025\/11\/Affiche-22-NOV-2025-150x150.jpg 150w, https:\/\/www.musique-saint-ay.fr\/wp-content\/uploads\/2025\/11\/Affiche-22-NOV-2025-275x275.jpg 275w, https:\/\/www.musique-saint-ay.fr\/wp-content\/uploads\/2025\/11\/Affiche-22-NOV-2025-66x66.jpg 66w\" sizes=\"auto, (max-width: 150px) 100vw, 150px\" \/><\/div><a class=\"wp-block-latest-posts__post-title\" href=\"https:\/\/www.musique-saint-ay.fr\/?p=1830\">Concert par l&rsquo;Harmonie samedi 22 novembre 2025 18h salle F.Villon<\/a><time datetime=\"2025-11-04T23:25:40+01:00\" class=\"wp-block-latest-posts__post-date\">4 novembre 2025<\/time><div class=\"wp-block-latest-posts__post-excerpt\">L&rsquo;Histoire dont vous \u00eates le h\u00e9ros&#8230; Choisissez votre itin\u00e9raire musical au royaume d&rsquo;ombre ou de glace&#8230; Concert interactif avec le public. 1h de musique o\u00f9 vous pourrez choisir la destination du h\u00e9ros. Samedi 22 novembre \u00e0 18h salle F.Villon \u00e0 Saint-Ay. Entr\u00e9e libre.<\/div><\/li>\n<\/ul>\n\n\n<div class=\"wp-block-columns is-layout-flex wp-container-core-columns-is-layout-9d6595d7 wp-block-columns-is-layout-flex\">\n<div class=\"wp-block-column is-layout-flow wp-block-column-is-layout-flow\"><\/div>\n<\/div>\n","protected":false},"excerpt":{"rendered":"","protected":false},"author":1,"featured_media":0,"parent":0,"menu_order":0,"comment_status":"closed","ping_status":"closed","template":"","meta":{"footnotes":""},"class_list":["post-146","page","type-page","status-publish","hentry"],"_links":{"self":[{"href":"https:\/\/www.musique-saint-ay.fr\/index.php?rest_route=\/wp\/v2\/pages\/146","targetHints":{"allow":["GET"]}}],"collection":[{"href":"https:\/\/www.musique-saint-ay.fr\/index.php?rest_route=\/wp\/v2\/pages"}],"about":[{"href":"https:\/\/www.musique-saint-ay.fr\/index.php?rest_route=\/wp\/v2\/types\/page"}],"author":[{"embeddable":true,"href":"https:\/\/www.musique-saint-ay.fr\/index.php?rest_route=\/wp\/v2\/users\/1"}],"replies":[{"embeddable":true,"href":"https:\/\/www.musique-saint-ay.fr\/index.php?rest_route=%2Fwp%2Fv2%2Fcomments&post=146"}],"version-history":[{"count":74,"href":"https:\/\/www.musique-saint-ay.fr\/index.php?rest_route=\/wp\/v2\/pages\/146\/revisions"}],"predecessor-version":[{"id":1649,"href":"https:\/\/www.musique-saint-ay.fr\/index.php?rest_route=\/wp\/v2\/pages\/146\/revisions\/1649"}],"wp:attachment":[{"href":"https:\/\/www.musique-saint-ay.fr\/index.php?rest_route=%2Fwp%2Fv2%2Fmedia&parent=146"}],"curies":[{"name":"wp","href":"https:\/\/api.w.org\/{rel}","templated":true}]}}