{"id":106,"date":"2021-08-31T16:33:29","date_gmt":"2021-08-31T16:33:29","guid":{"rendered":"https:\/\/emsa.webefy.fr\/?page_id=106"},"modified":"2021-09-26T15:08:36","modified_gmt":"2021-09-26T15:08:36","slug":"repertoire","status":"publish","type":"page","link":"https:\/\/www.musique-saint-ay.fr\/?page_id=106","title":{"rendered":"Musiques du R\u00e9pertoire de l\u2019Harmonie de St-Ay"},"content":{"rendered":"\n<p><\/p>\n\n\n\n<p><\/p>\n\n\n\n<h2 class=\"wp-block-heading\" id=\"classique\">Classique<\/h2>\n\n\n\n<ul class=\"wp-block-list\"><li>Adagio &#8211; Albinoni<\/li><li>Adagio &#8211; Barber<\/li><li>All over the country &#8211; G.Oswald<\/li><li>Andante 5\u00e8me &#8211; Beethoven<\/li><li>Annen polka &#8211; Strauss<\/li><li>Aria on a pr\u00e9lude &#8211; Bach<\/li><li>Andante 7\u00e8me &#8211; Beethoven<\/li><li>Aria on a pr\u00e9lude &#8211; Bach<\/li><li>Ave Maria &#8211; Ch.Gounod &#8211; Arrgt : Sorlin<\/li><li>Ballade No 7 &#8211; Beethoven<\/li><li>Canon sur une basse obstin\u00e9e &#8211; Pachelbel<\/li><li>Carmen suite &#8211; Bizet<\/li><li>Cavaleria rusticana &#8211; Mascagni<\/li><li>Concerto &#8211; A.Aroutiounian<\/li><li>Danse Hongroise n\u00b05 &#8211; Brahms<\/li><li>Danse Hongroise n\u00b06 &#8211; Brahms<\/li><li>Dans les steppes de l&rsquo;Asie centrale &#8211; Borodine<\/li><li>Egmont ouverture &#8211; Beethoven<\/li><li>Fanfare et Anthem &#8211; Purcell<\/li><li>Il signore \u00e8 conte &#8211; Kees Vlak<\/li><li>Immer Kleiner &#8211; A.Schreiner<\/li><li>Judex &#8211; Charles Gounod<\/li><li>L&rsquo;Arl\u00e9sienne 1\u00e8re et 2\u00e8me suite &#8211; Bizet<\/li><li>La boh\u00e8me (Che Gelida Manina) &#8211; Puccini<\/li><li>La danse du sabre &#8211; Khatchaturian<\/li><li>La Traviata &#8211; G.Verdi<\/li><li>Le choeur des gitans &#8211; G.Verdi<\/li><li>March in F &#8211; Beethoven<\/li><li>Marche turque &#8211; Beethoven<\/li><li>Mars extrait des Plan\u00e8tes &#8211; Holst<\/li><li>Musica Sacrae &#8211; Caccini et Haendel -Arrgt : Bouillot<\/li><li>Oblivion &#8211; Astor Piazzola<\/li><li>Pavane &#8211; G.Faur\u00e9<\/li><li>Rondo &#8211; H.Purcell<\/li><li>Symphonie No 3 &#8211; 3\u00e8me mvt &#8211; Brahms<\/li><li>Serenata &#8211; A.Dvorak<\/li><li>Valse n\u00b02 &#8211; Shostakovich<\/li><\/ul>\n\n\n\n<p><a href=\"http:\/\/www.musique-saint-ay.fr\/h_repertoire.html\"><\/a><\/p>\n\n\n\n<h2 class=\"wp-block-heading\" id=\"originale\">Musiques originales<\/h2>\n\n\n\n<ul class=\"wp-block-list\"><li>Adventure &#8211; Markus G\u00f6tz<\/li><li>Balkanya &#8211; J.Van der Roost<\/li><li>Bol\u00e9ro &#8211; Maurice Ravel<\/li><li>Briscola &#8211; Reinter<\/li><li>Caminos &#8211; Bod\u00e8nes<\/li><li>Carte postale d&rsquo;Auvergne &#8211; Bigot<\/li><li>Celebrate &#8211; Daisuke SHIMIZU<\/li><li>Concerto d&rsquo;Amore &#8211; De Haan<\/li><li>D\u00e9dicace &#8211; Devogel<\/li><li>Dynamic fantasy &#8211; Waignein<\/li><li>Esquisses m\u00e9di\u00e9vales &#8211; Faillenot<\/li><li>Festa pa\u00ebsana &#8211; De Haan<\/li><li>Golden river &#8211; Waignein<\/li><li>Grand \u00e9cran &#8211; Marischal<\/li><li>Magie noire &#8211; Naulais<\/li><li>Noces en Bretagne &#8211; Bigot<\/li><li>Oregon &#8211; De Haan<\/li><li>Portraits of Spain &#8211; T\u00e9o Aparicio Barberan<\/li><li>Rhapsodia &#8211; Robert Finn<\/li><li>Reflections for band &#8211; Nijs<\/li><li>Ross roy &#8211; De Haan<\/li><li>Showtime &#8211; Sven Van Calster<\/li><li>The fields &#8211; De Haan<\/li><\/ul>\n\n\n\n<p><a href=\"http:\/\/www.musique-saint-ay.fr\/h_repertoire.html\"><\/a><\/p>\n\n\n\n<h2 class=\"wp-block-heading\" id=\"solistes\">Instruments solistes<\/h2>\n\n\n\n<ul class=\"wp-block-list\"><li>A moment for trombone (trombone) &#8211; Harm Evers<\/li><li>Air po\u00e9tique (cor) &#8211; T.Huggens<\/li><li>Alphorn s\u00e9r\u00e9nade (cor des Alpes)<\/li><li>Amazing Grace (cornemuse)<\/li><li>Blue bells of Scotland (trombone) &#8211; Pryor<\/li><li>Born4Horn (cors)- F.Neub\u00f6ck<\/li><li>Canon sur une basse obstin\u00e9e (cornemuse) &#8211; Johan Pachelbel<\/li><li>Clarinetics (clarinette) &#8211; Harm Evers<\/li><li>Clarinet scrabble (clarinette) &#8211; W.Laseroms<\/li><li>Concertino (contretuba) &#8211; Carlos Marques<\/li><li>Concerto for drum set (batterie)<\/li><li>Concerto for Horn n\u00b01 (cor) &#8211; Mozart<\/li><li>Ebony Fantasy (clarinette) &#8211; Filip Ceunen<\/li><li>Euphonium ragtime (solo euphonium)- A.Waignein<\/li><li>Face \u00e0 face (Quintette \u00e0 vent) &#8211; Naulais<\/li><li>Fields of Honour &#8211; Battle of the Somme &#8211; Thierry Deleruyelle<\/li><li>Happy mallets (Xylophone) &#8211; Evers<\/li><li>Highland Cathedral (cornemuse) &#8211; arrangement David Thompson<\/li><li>La Boh\u00e8me (euphonium) &#8211; G.Pucchini<\/li><li>Marche des soldats de Robert Bruce (cornemuse) &#8211; J.Brouqui\u00e8res<\/li><li>Musical expressions (sax) &#8211; Nicolas Duron<\/li><li>Nine O&rsquo; clock walk (cornemuse) &#8211; Paul Warren<\/li><li>On the road to Paschendale (cornemuse) &#8211; Major Gavin Stoddart<\/li><li>Oodles of Noodles (Saxophone) &#8211; J.Dorsey &#8211; Argt: R.Balfoort<\/li><li>Paris musette (accord\u00e9on) &#8211; Bod\u00e8nes<\/li><li>Portrait pour trompette &#8211; Nestico<\/li><li>Pipes Dreams(cornemuse) &#8211; Kevin G. Land<\/li><li>Rapsodie occitane (sax alto) &#8211; Faillenot<\/li><li>Saxpack (sax alto) &#8211; Otto M.Schwarz<\/li><li>Serenade for a picket fence (Xylophone)<\/li><li>S\u00e9r\u00e9nade for Louis &#8211; Suzanne Welters<\/li><li>Souvenir de cirque Renz &#8211; Gustav Peter<\/li><li>Tequini (trompette) &#8211; Sven Van Calster<\/li><li>The Blue Bonnets &#8211; The Glandaruel Higlanders (cornemuse) &#8211; Arrgt.Knox et Land<\/li><li>The Green Hills of Tyrol (cornemuse) &#8211; Arrangement David Thompson<\/li><li>The Gypsy Mallet Player in New Orleans (xylophone) &#8211; Keith Terrett<\/li><li>Timpat (timbales) &#8211; Leist<\/li><li>Tricky trombones &#8211; Jack Helyer<\/li><li>Yakety sax &#8211; Winson<\/li><\/ul>\n\n\n\n<p><a href=\"http:\/\/www.musique-saint-ay.fr\/h_repertoire.html\"><\/a><\/p>\n\n\n\n<h2 class=\"wp-block-heading\" id=\"churs\">Avec choeurs<\/h2>\n\n\n\n<ul class=\"wp-block-list\"><li>Ch\u0153urs des esclaves &#8211; Verdi<\/li><li>Ch\u0153urs des gamins &#8211; Bizet<\/li><li>1492 Chris.Colomb &#8211; Vangelis<\/li><li>Festival of freedom &#8211; Lavander<\/li><li>Hymn to red October &#8211; Basil Poledouris<\/li><li>Le livre de la jungle<\/li><\/ul>\n\n\n\n<p><a href=\"http:\/\/www.musique-saint-ay.fr\/h_repertoire.html\"><\/a><\/p>\n\n\n\n<h2 class=\"wp-block-heading\" id=\"films\">Films<\/h2>\n\n\n\n<ul class=\"wp-block-list\"><li>Bonanza<\/li><li>Country call<\/li><li>Cruella De Vil &#8211; Mel Leven<\/li><li>Danse avec les loups<\/li><li>For a few dollars more<\/li><li>Gun&rsquo;s cowboys<\/li><li>Huit et demi &#8211; .Rota<\/li><li>Lawrence of Arabia &#8211; Jarre<\/li><li>La vie est belle &#8211; N.Piovani<\/li><li>Le bon, la brute et le truand<\/li><li>Le bossu de notre Dame<\/li><li>Le dernier des Mohicans<\/li><li>Mission impossible &#8211; Schifrin<\/li><li>Moment for Morricone<\/li><li>Out of Africa &#8211; Barry<\/li><li>The pink panther &#8211; Mancini<\/li><li>The Rock &#8211; H.Zimmer<\/li><li>Robin Hood &#8211; Kamen<\/li><li>Titanic &#8211; James Horner (arrang. Custer)<\/li><li>Western&rsquo; Story &#8211; arrangement Bruno Camporelli<\/li><li>Western by Morricone &#8211; Ennio Morricone<\/li><li>Western trail<\/li><li>Yankee Doodle<\/li><\/ul>\n\n\n\n<p><a href=\"http:\/\/www.musique-saint-ay.fr\/h_repertoire.html\"><\/a><\/p>\n\n\n\n<h2 class=\"wp-block-heading\" id=\"varietes\">Vari\u00e9t\u00e9<\/h2>\n\n\n\n<ul class=\"wp-block-list\"><li>Abba gold &#8211; (extrait de Mamma Mia) &#8211; Abba<\/li><li>African symphony &#8211; Mc Coy<\/li><li>A Tribute to Amy Winehouse &#8211; Arrgt:Peter Kleine Schaars<\/li><li>Belle &#8211; (extrait de Notre Dame de Paris) &#8211; R. Cocciante<\/li><li>Briscola &#8211; Reinter<\/li><li>Choca Carioca &#8211; L. di Ghisallo<\/li><li>Choral and rock out &#8211; Huggens<\/li><li>Circus Suite &#8211; Dave Randol<\/li><li>Coconut Baby &#8211; G. Noris<\/li><li>Colorado &#8211; Franco Cesarini<\/li><li>Concerto d&rsquo;amore &#8211; De Haan<\/li><li>Copacabana &#8211; Barry Manilow<\/li><li>Danse mosa\u00efque &#8211; Delbecq<\/li><li>Devil&rsquo;s Tower &#8211; Thomas Doss<\/li><li>Don&rsquo;t cry for me Argentina &#8211; (extrait de Evita) &#8211; A. Lloyd Webber<\/li><li>Every body needs somebody<\/li><li>Fanfare olympique &#8211; Moss<\/li><li>Festival Charles Trenet &#8211; Delbecq<\/li><li>Fiesta tropicale &#8211; Lopez<\/li><li>Free world fantasy &#8211; De Haan<\/li><li>Heal the world &#8211; Jackson<\/li><li>Higland Cathedral &#8211; Albert Miles<\/li><li>Holiday for winds &#8211; G. Osser<\/li><li>Hootenany &#8211; Walters<\/li><li>I will follow him &#8211; Sebregts<\/li><li>Italian Holiday &#8211; R.Longfield<\/li><li>Italian Polka &#8211; S.Rachmaninov<\/li><li>Jama\u00efcan folk suite &#8211; Walters<\/li><li>Jambo Africa &#8211; Mario B\u00fcrki<\/li><li>Klezmer Classics &#8211; Johan De MEIJ<\/li><li>La m\u00f4me Piaf &#8211; Arrgt : E.Proisy<\/li><li>Le fant\u00f4me de l&rsquo;op\u00e9ra &#8211; A. Lloyd Webber<\/li><li>L&rsquo;envie d&rsquo;aimer &#8211; (extrait des 10 commandements) &#8211; P. Obispo<\/li><li>Les rois du monde &#8211; (extrait de Rom\u00e9o et Juliette) &#8211; G. Presgurvic<\/li><li>Libertango &#8211; A. Piazzola<\/li><li>Mambo 5 &#8211; Perez Prado<\/li><li>Money money money &#8211; Waignein<\/li><li>Mont Serrat &#8211; Ferrer Ferran<\/li><li>Mozart &#8211; Kunze et Levay arrang. W\u00f6ssner<\/li><li>Notre dame de Paris<\/li><li>Paris Montmartre<\/li><li>Pops in the spots &#8211; Kernen<\/li><li>Quand je vois tes yeux &#8211; D. Brillant<\/li><li>Rock encounter &#8211; Chattaway<\/li><li>Rumba of love &#8211; G. Noris<\/li><li>Salsa du d\u00e9mon &#8211; X. Thibault<\/li><li>Selection from Mary Poppins &#8211; Sherman<\/li><li>Simple Gifts &#8211; Traditionnel<\/li><li>Sixties superhits &#8211; Jennings<\/li><li>Snow White &#8211; Thomas Doss<\/li><li>Starmania &#8211; Berger\/Plamondon<\/li><li>Swing with it &#8211; R. Balfoort<\/li><li>Tarzan boy &#8211; Kerchner<\/li><li>Three Russian Folk Songs &#8211; Traditionnel<\/li><li>The best of Billy Jo\u00ebl &#8211; Arrgt Peter Kleine Schaars<\/li><li>The black river &#8211; V. Lopez<\/li><li>The lion sleeps tonight &#8211; Felder<\/li><li>Trailblaze &#8211; Richards<\/li><li>Turkish delight &#8211; S.Welters<\/li><li>Whisper to their souls &#8211; Samuel R.Hazo<\/li><li>Y.M.C.A. &#8211; Belodo<\/li><\/ul>\n\n\n\n<p><a href=\"http:\/\/www.musique-saint-ay.fr\/h_repertoire.html\"><\/a><\/p>\n\n\n\n<h2 class=\"wp-block-heading\" id=\"jazz\">Jazz<\/h2>\n\n\n\n<ul class=\"wp-block-list\"><li>A touch of jazz &#8211; Neal Hefti<\/li><li>Big band classics &#8211; Osterling<\/li><li>Beat, Blues and swing &#8211; Koen Pletinckx<\/li><li>Caravan &#8211; Ellington<\/li><li>Cool blues for trumpets &#8211; Jame Ployhar<\/li><li>Latinda &#8211; W. Laseroms<\/li><li>Holiday springs &#8211; J.Briver<\/li><li>In the mood &#8211; Miller<\/li><li>Jericho Himes<\/li><li>J\u00e9rome Robbins Broadway &#8211; Barker<\/li><li>Latin gold &#8211; Lavender<\/li><li>Mancini spectacular &#8211; Barker<\/li><li>NewYork NewYork &#8211; Kander<\/li><\/ul>\n\n\n\n<p><a href=\"http:\/\/www.musique-saint-ay.fr\/h_repertoire.html\"><\/a><\/p>\n\n\n\n<h2 class=\"wp-block-heading\" id=\"marches\">Marches de concert<\/h2>\n\n\n\n<ul class=\"wp-block-list\"><li>China march &#8211; Allmend<\/li><li>Great movie marches &#8211; John Moss<\/li><li>Instant concert &#8211; Walters<\/li><li>Marche de Radetzky &#8211; Strauss<\/li><li>Marche des marsouins &#8211; Rougeron<\/li><li>Marche des soldats &#8211; Robert Bruce<\/li><\/ul>\n\n\n\n<p><a href=\"http:\/\/www.musique-saint-ay.fr\/h_repertoire.html\"><\/a><\/p>\n\n\n\n<p><\/p>\n","protected":false},"excerpt":{"rendered":"<p>Classique Adagio &#8211; Albinoni Adagio &#8211; Barber All over the country &#8211; G.Oswald Andante 5\u00e8me &#8211; Beethoven Annen polka &#8211; Strauss Aria on a pr\u00e9lude &#8211; Bach Andante 7\u00e8me &#8211; Beethoven Aria on a pr\u00e9lude &#8211; Bach Ave Maria &#8211; Ch.Gounod &#8211; Arrgt : Sorlin Ballade No 7 &#8211; Beethoven Canon sur une basse obstin\u00e9e &#8211; Pachelbel Carmen suite &#8211; &hellip; <\/p>\n","protected":false},"author":1,"featured_media":0,"parent":104,"menu_order":0,"comment_status":"closed","ping_status":"closed","template":"","meta":{"footnotes":""},"class_list":["post-106","page","type-page","status-publish","hentry"],"_links":{"self":[{"href":"https:\/\/www.musique-saint-ay.fr\/index.php?rest_route=\/wp\/v2\/pages\/106","targetHints":{"allow":["GET"]}}],"collection":[{"href":"https:\/\/www.musique-saint-ay.fr\/index.php?rest_route=\/wp\/v2\/pages"}],"about":[{"href":"https:\/\/www.musique-saint-ay.fr\/index.php?rest_route=\/wp\/v2\/types\/page"}],"author":[{"embeddable":true,"href":"https:\/\/www.musique-saint-ay.fr\/index.php?rest_route=\/wp\/v2\/users\/1"}],"replies":[{"embeddable":true,"href":"https:\/\/www.musique-saint-ay.fr\/index.php?rest_route=%2Fwp%2Fv2%2Fcomments&post=106"}],"version-history":[{"count":5,"href":"https:\/\/www.musique-saint-ay.fr\/index.php?rest_route=\/wp\/v2\/pages\/106\/revisions"}],"predecessor-version":[{"id":615,"href":"https:\/\/www.musique-saint-ay.fr\/index.php?rest_route=\/wp\/v2\/pages\/106\/revisions\/615"}],"up":[{"embeddable":true,"href":"https:\/\/www.musique-saint-ay.fr\/index.php?rest_route=\/wp\/v2\/pages\/104"}],"wp:attachment":[{"href":"https:\/\/www.musique-saint-ay.fr\/index.php?rest_route=%2Fwp%2Fv2%2Fmedia&parent=106"}],"curies":[{"name":"wp","href":"https:\/\/api.w.org\/{rel}","templated":true}]}}