{"id":104,"date":"2021-08-31T16:33:10","date_gmt":"2021-08-31T16:33:10","guid":{"rendered":"https:\/\/emsa.webefy.fr\/?page_id=104"},"modified":"2022-08-29T22:54:34","modified_gmt":"2022-08-29T21:54:34","slug":"orchestre","status":"publish","type":"page","link":"https:\/\/www.musique-saint-ay.fr\/?page_id=104","title":{"rendered":"L&rsquo;Orchestre d&rsquo;Harmonie"},"content":{"rendered":"\n<p><\/p>\n\n\n\n<blockquote class=\"wp-block-quote is-style-large is-layout-flow wp-block-quote-is-layout-flow\"><p>Le plaisir de faire de la musique ensemble<\/p><\/blockquote>\n\n\n\n<p>Un r\u00e9pertoire vari\u00e9 : musique classique, musique de film, vari\u00e9t\u00e9s, jazz etc &#8230;.<\/p>\n\n\n\n<p>Des r\u00e9p\u00e9titions le vendredi soir de 20h45 \u00e0 22h45 (sauf vacances scolaires).<br>Des concerts sur le plan local et des rencontres avec d&rsquo;autres formations de la r\u00e9gion ou plus lointaines.<br>Participations \u00e0 des concours nationaux, stages musicaux, \u00e9changes internationaux.<br>Participations \u00e0 diff\u00e9rentes manifestations de la ville de St-Ay : Carnaval, comm\u00e9morations diverses, concerts etc&#8230;<br>En collaboration avec l&rsquo;\u00e9cole de Musique, des concerts en commun.<br>Des sorties r\u00e9cr\u00e9atives pour f\u00eater certaines occasions.<\/p>\n\n\n\n<div class=\"wp-block-columns is-layout-flex wp-container-core-columns-is-layout-9d6595d7 wp-block-columns-is-layout-flex\">\n<div class=\"wp-block-column is-layout-flow wp-block-column-is-layout-flow\">\n<figure class=\"wp-block-gallery has-nested-images columns-default is-cropped wp-block-gallery-1 is-layout-flex wp-block-gallery-is-layout-flex\">\n<figure class=\"wp-block-image size-full\"><img loading=\"lazy\" decoding=\"async\" width=\"1600\" height=\"1200\" data-id=\"1329\" src=\"https:\/\/www.musique-saint-ay.fr\/wp-content\/uploads\/2022\/08\/PHOTO-2021-10-31-13-46-03.jpg\" alt=\"\" class=\"wp-image-1329\" srcset=\"https:\/\/www.musique-saint-ay.fr\/wp-content\/uploads\/2022\/08\/PHOTO-2021-10-31-13-46-03.jpg 1600w, https:\/\/www.musique-saint-ay.fr\/wp-content\/uploads\/2022\/08\/PHOTO-2021-10-31-13-46-03-300x225.jpg 300w, https:\/\/www.musique-saint-ay.fr\/wp-content\/uploads\/2022\/08\/PHOTO-2021-10-31-13-46-03-1024x768.jpg 1024w, https:\/\/www.musique-saint-ay.fr\/wp-content\/uploads\/2022\/08\/PHOTO-2021-10-31-13-46-03-768x576.jpg 768w, https:\/\/www.musique-saint-ay.fr\/wp-content\/uploads\/2022\/08\/PHOTO-2021-10-31-13-46-03-1536x1152.jpg 1536w\" sizes=\"auto, (max-width: 1600px) 100vw, 1600px\" \/><figcaption>L&rsquo;harmonie en r\u00e9p\u00e9tition lors d&rsquo;un stage \u00e0 Portbail <\/figcaption><\/figure>\n<figcaption class=\"blocks-gallery-caption\"><strong>L&rsquo;harmonie en r\u00e9p\u00e9tition lors d&rsquo;un stage \u00e0 Portbail <\/strong><\/figcaption><\/figure>\n<\/div>\n\n\n\n<div class=\"wp-block-column is-layout-flow wp-block-column-is-layout-flow\">\n<figure class=\"wp-block-image size-large is-resized\"><img loading=\"lazy\" decoding=\"async\" src=\"https:\/\/www.musique-saint-ay.fr\/wp-content\/uploads\/2022\/08\/PHOTO-2018-10-14-00-37-32-1024x710.jpg\" alt=\"\" class=\"wp-image-1326\" width=\"438\" height=\"303\" srcset=\"https:\/\/www.musique-saint-ay.fr\/wp-content\/uploads\/2022\/08\/PHOTO-2018-10-14-00-37-32-1024x710.jpg 1024w, https:\/\/www.musique-saint-ay.fr\/wp-content\/uploads\/2022\/08\/PHOTO-2018-10-14-00-37-32-300x208.jpg 300w, https:\/\/www.musique-saint-ay.fr\/wp-content\/uploads\/2022\/08\/PHOTO-2018-10-14-00-37-32-768x532.jpg 768w, https:\/\/www.musique-saint-ay.fr\/wp-content\/uploads\/2022\/08\/PHOTO-2018-10-14-00-37-32.jpg 1345w\" sizes=\"auto, (max-width: 438px) 100vw, 438px\" \/><figcaption><strong>L&rsquo;Harmonie en concert au centre culturel de La Passerelle \u00e0 Fleury-les-Aubrais<\/strong><\/figcaption><\/figure>\n<\/div>\n<\/div>\n\n\n\n<p><\/p>\n","protected":false},"excerpt":{"rendered":"<p>Le plaisir de faire de la musique ensemble Un r\u00e9pertoire vari\u00e9 : musique classique, musique de film, vari\u00e9t\u00e9s, jazz etc &#8230;. Des r\u00e9p\u00e9titions le vendredi soir de 20h45 \u00e0 22h45 (sauf vacances scolaires).Des concerts sur le plan local et des rencontres avec d&rsquo;autres formations de la r\u00e9gion ou plus lointaines.Participations \u00e0 des concours nationaux, stages musicaux, \u00e9changes internationaux.Participations \u00e0 diff\u00e9rentes &hellip; <\/p>\n","protected":false},"author":1,"featured_media":0,"parent":0,"menu_order":0,"comment_status":"closed","ping_status":"closed","template":"","meta":{"footnotes":""},"class_list":["post-104","page","type-page","status-publish","hentry"],"_links":{"self":[{"href":"https:\/\/www.musique-saint-ay.fr\/index.php?rest_route=\/wp\/v2\/pages\/104","targetHints":{"allow":["GET"]}}],"collection":[{"href":"https:\/\/www.musique-saint-ay.fr\/index.php?rest_route=\/wp\/v2\/pages"}],"about":[{"href":"https:\/\/www.musique-saint-ay.fr\/index.php?rest_route=\/wp\/v2\/types\/page"}],"author":[{"embeddable":true,"href":"https:\/\/www.musique-saint-ay.fr\/index.php?rest_route=\/wp\/v2\/users\/1"}],"replies":[{"embeddable":true,"href":"https:\/\/www.musique-saint-ay.fr\/index.php?rest_route=%2Fwp%2Fv2%2Fcomments&post=104"}],"version-history":[{"count":9,"href":"https:\/\/www.musique-saint-ay.fr\/index.php?rest_route=\/wp\/v2\/pages\/104\/revisions"}],"predecessor-version":[{"id":1331,"href":"https:\/\/www.musique-saint-ay.fr\/index.php?rest_route=\/wp\/v2\/pages\/104\/revisions\/1331"}],"wp:attachment":[{"href":"https:\/\/www.musique-saint-ay.fr\/index.php?rest_route=%2Fwp%2Fv2%2Fmedia&parent=104"}],"curies":[{"name":"wp","href":"https:\/\/api.w.org\/{rel}","templated":true}]}}